{"id":3882,"date":"2020-04-07T18:28:22","date_gmt":"2020-04-07T16:28:22","guid":{"rendered":"https:\/\/www.hotel-hellers-krug.de\/hellers-krug\/vicinity\/"},"modified":"2022-08-24T14:08:30","modified_gmt":"2022-08-24T12:08:30","slug":"vicinity","status":"publish","type":"page","link":"https:\/\/www.hotel-hellers-krug.de\/en\/hellers-krug\/vicinity\/","title":{"rendered":"Vicinity"},"content":{"rendered":"<p>[et_pb_section fb_built=&#8221;1&#8243; _builder_version=&#8221;4.3.4&#8243;][et_pb_row _builder_version=&#8221;4.3.4&#8243;][et_pb_column type=&#8221;4_4&#8243; _builder_version=&#8221;4.3.4&#8243;][et_pb_text _builder_version=&#8221;4.3.4&#8243;]<\/p>\n<h1><span style=\"color: #660000;\">The area around Holzminden<\/span><\/h1>\n<p>There is a lot to explore in Holzminden as well as in the Weserbergland. We have listed a few points for inspiration here.<br \/>\n[\/et_pb_text][et_pb_accordion icon_color=&#8221;#360000&#8243; _builder_version=&#8221;4.7.7&#8243; border_color_all=&#8221;#660000&#8243;][et_pb_accordion_item title=&#8221;Trips&#8221; open=&#8221;on&#8221; _builder_version=&#8221;4.3.4&#8243;]We recommend the following destinations:<br \/>\nPorcelain manufactory F\u00fcrstenberg, Renaissance Castle Bevern, Pied Piper town of Hamelin, Corvey Abbey, Hermann Monument, Externsteine, K\u00f6terberg, cherry blossoms in R\u00fchler Switzerland, Porta Westfalica, Steinhuder Meer, Ith cliffs, motorcycle and nostalgia museum Eschershausen-Wickensen<br \/>\n[\/et_pb_accordion_item][et_pb_accordion_item title=&#8221;Photo shooting&#8221; _builder_version=&#8221;4.7.7&#8243; link_option_url=&#8221;https:\/\/www.hotel-hellers-krug.de\/hellers-krug\/umgebung\/fotoshooting\/&#8221; open=&#8221;off&#8221;]We have a <span style=\"color: #660000;\"><a style=\"color: #660000;\" href=\"https:\/\/www.hotel-hellers-krug.de\/hellers-krug\/umgebung\/fotoshooting\/\">professional photo studio<\/a><\/span> right in the hotel. Ready to shoot?<br \/>\n[\/et_pb_accordion_item][et_pb_accordion_item title=&#8221;Geocaching&#8221; _builder_version=&#8221;4.3.4&#8243; link_option_url=&#8221;https:\/\/www.hotel-hellers-krug.de\/feiern-anlaesse\/geocaching\/&#8221; open=&#8221;off&#8221;]Do you enjoy being outdoors, searching and puzzling? &#8211; Then we have just what you are looking for.<\/p>\n<p><a href=\"https:\/\/www.hotel-hellers-krug.de\/feiern-anlaesse\/geocaching\/\">Go Geocashing<\/a><br \/>\n[\/et_pb_accordion_item][et_pb_accordion_item title=&#8221;Canoeing on the Weser&#8221; _builder_version=&#8221;4.3.4&#8243; open=&#8221;off&#8221;]We work together with an experienced canoe and dinghy rental company.<br \/>\nEnjoy a few exciting hours on the Weser and experience the river up close.<\/p>\n<p>Please contact us for an overnight stay incl. Canoe arrangement.<br \/>\n[\/et_pb_accordion_item][et_pb_accordion_item title=&#8221;Climbing park in Silberborn&#8221; _builder_version=&#8221;4.7.7&#8243; link_option_url=&#8221;https:\/\/www.hotel-hellers-krug.de\/hellers-krug\/umgebung\/hochseilkletterpark\/&#8221; open=&#8221;off&#8221;]We tested the <span style=\"color: #660000;\"><a style=\"color: #660000;\" href=\"https:\/\/www.hotel-hellers-krug.de\/hellers-krug\/umgebung\/hochseilkletterpark\/\/umgebung\/hochseilkletterpark\/\">climbing park<\/a><\/span> for you &#8211; and found it great.<br \/>\n[\/et_pb_accordion_item][et_pb_accordion_item title=&#8221;Motorcycle tours&#8221; _builder_version=&#8221;4.7.7&#8243; link_option_url=&#8221;https:\/\/www.hotel-hellers-krug.de\/hellers-krug\/umgebung\/motorradtouren\/&#8221; open=&#8221;off&#8221;]With us you as a <span style=\"color: #660000;\"><a style=\"color: #660000;\" href=\"https:\/\/www.hotel-hellers-krug.de\/hellers-krug\/umgebung\/motorradtouren\/\">motorcyclist and motorbike tourer<\/a><\/span> get our full attention.<br \/>\n[\/et_pb_accordion_item][et_pb_accordion_item title=&#8221;Weser cycle path&#8221; _builder_version=&#8221;4.7.7&#8243; link_option_url=&#8221;https:\/\/www.hotel-hellers-krug.de\/hellers-krug\/umgebung\/weserradweg\/&#8221; open=&#8221;off&#8221;]Holzminden is located on the Weser and therefore also on the <a href=\"https:\/\/www.hotel-hellers-krug.de\/hellers-krug\/umgebung\/weserradweg\/\"><span style=\"color: #660000;\">Weser Cycle Path<\/span><\/a>, which is popular with bikers in summer.<br \/>\n[\/et_pb_accordion_item][\/et_pb_accordion][\/et_pb_column][\/et_pb_row][\/et_pb_section][et_pb_section fb_built=&#8221;1&#8243; _builder_version=&#8221;4.3.4&#8243;][et_pb_row _builder_version=&#8221;4.3.4&#8243;][et_pb_column type=&#8221;4_4&#8243; _builder_version=&#8221;4.3.4&#8243;][et_pb_code admin_label=&#8221;Code &#8211; St\u00f6rer DirektBucher&#8221; _builder_version=&#8221;4.7.7&#8243;][\/et_pb_code][\/et_pb_column][\/et_pb_row][\/et_pb_section]<\/p>\n","protected":false},"excerpt":{"rendered":"<p>The area around Holzminden There is a lot to explore in Holzminden as well as in the Weserbergland. We have listed a few points for inspiration here. We recommend the following destinations: Porcelain manufactory F\u00fcrstenberg, Renaissance Castle Bevern, Pied Piper town of Hamelin, Corvey Abbey, Hermann Monument, Externsteine, K\u00f6terberg, cherry blossoms in R\u00fchler Switzerland, Porta [&hellip;]<\/p>\n","protected":false},"author":2,"featured_media":0,"parent":3810,"menu_order":0,"comment_status":"closed","ping_status":"closed","template":"","meta":{"_et_pb_use_builder":"on","_et_pb_old_content":"<p>[et_pb_section fb_built=\"1\" _builder_version=\"4.3.4\"][et_pb_row _builder_version=\"4.3.4\"][et_pb_column type=\"4_4\" _builder_version=\"4.3.4\"][et_pb_text _builder_version=\"4.3.4\"]<\/p><h1><span style=\"color: #660000;\">The area around Holzminden<\/span><\/h1><p>There is a lot to explore in Holzminden as well as in the Weserbergland. We have listed a few points for inspiration here.<\/p><p>[\/et_pb_text][et_pb_accordion icon_color=\"#360000\" _builder_version=\"4.7.7\" border_color_all=\"#660000\"][et_pb_accordion_item title=\"Trips\" open=\"on\" _builder_version=\"4.3.4\"]<\/p><p>We recommend the following destinations:<br \/>Porcelain manufactory F\u00fcrstenberg, Renaissance Castle Bevern, Pied Piper town of Hamelin, Corvey Abbey, Hermann Monument, Externsteine, K\u00f6terberg, cherry blossoms in R\u00fchler Switzerland, Porta Westfalica, Steinhuder Meer, Ith cliffs, motorcycle and nostalgia museum Eschershausen-Wickensen<\/p><p>[\/et_pb_accordion_item][et_pb_accordion_item title=\"Photo shooting\" _builder_version=\"4.7.7\" link_option_url=\"https:\/\/www.hotel-hellers-krug.de\/hellers-krug\/umgebung\/fotoshooting\/\" open=\"off\"]<\/p><p>We have a <span style=\"color: #660000;\"><a style=\"color: #660000;\" href=\"https:\/\/www.hotel-hellers-krug.de\/hellers-krug\/umgebung\/fotoshooting\/\">professional photo studio<\/a><\/span> right in the hotel. Ready to shoot?<\/p><p>[\/et_pb_accordion_item][et_pb_accordion_item title=\"Geocaching\" _builder_version=\"4.3.4\" link_option_url=\"https:\/\/www.hotel-hellers-krug.de\/feiern-anlaesse\/geocaching\/\" open=\"off\"]<\/p><p>Do you enjoy being outdoors, searching and puzzling? - Then we have just what you are looking for.<\/p><p><a href=\"https:\/\/www.hotel-hellers-krug.de\/feiern-anlaesse\/geocaching\/\">Go Geocashing<\/a><\/p><p>[\/et_pb_accordion_item][et_pb_accordion_item title=\"Canoeing on the Weser\" _builder_version=\"4.3.4\" open=\"off\"]<\/p><p>We work together with an experienced canoe and dinghy rental company.<br \/>Enjoy a few exciting hours on the Weser and experience the river up close.<\/p><p>Please contact us for an overnight stay incl. Canoe arrangement.<\/p><p>[\/et_pb_accordion_item][et_pb_accordion_item title=\"Climbing park in Silberborn\" _builder_version=\"4.7.7\" link_option_url=\"https:\/\/www.hotel-hellers-krug.de\/hellers-krug\/umgebung\/hochseilkletterpark\/\" open=\"off\"]<\/p><p>We tested the <span style=\"color: #660000;\"><a style=\"color: #660000;\" href=\"https:\/\/www.hotel-hellers-krug.de\/hellers-krug\/umgebung\/hochseilkletterpark\/\/umgebung\/hochseilkletterpark\/\">climbing park<\/a><\/span> for you - and found it great.<\/p><p>[\/et_pb_accordion_item][et_pb_accordion_item title=\"Motorcycle tours\" _builder_version=\"4.7.7\" link_option_url=\"https:\/\/www.hotel-hellers-krug.de\/hellers-krug\/umgebung\/motorradtouren\/\" open=\"off\"]<\/p><p>With us you as a <span style=\"color: #660000;\"><a style=\"color: #660000;\" href=\"https:\/\/www.hotel-hellers-krug.de\/hellers-krug\/umgebung\/motorradtouren\/\">motorcyclist and motorbike tourer<\/a><\/span> get our full attention.<\/p><p>[\/et_pb_accordion_item][et_pb_accordion_item title=\"Weser cycle path\" _builder_version=\"4.7.7\" link_option_url=\"https:\/\/www.hotel-hellers-krug.de\/hellers-krug\/umgebung\/weserradweg\/\" open=\"off\"]<\/p><p>Holzminden is located on the Weser and therefore also on the <a href=\"https:\/\/www.hotel-hellers-krug.de\/hellers-krug\/umgebung\/weserradweg\/\"><span style=\"color: #660000;\">Weser Cycle Path<\/span><\/a>, which is popular with bikers in summer.<\/p><p>[\/et_pb_accordion_item][\/et_pb_accordion][\/et_pb_column][\/et_pb_row][\/et_pb_section][et_pb_section fb_built=\"1\" _builder_version=\"4.3.4\"][et_pb_row _builder_version=\"4.3.4\"][et_pb_column type=\"4_4\" _builder_version=\"4.3.4\"][et_pb_code admin_label=\"Code - St\u00f6rer DirektBucher\" _builder_version=\"4.7.7\"][\/et_pb_code][\/et_pb_column][\/et_pb_row][\/et_pb_section]<\/p>","_et_gb_content_width":"","footnotes":""},"class_list":["post-3882","page","type-page","status-publish","hentry"],"yoast_head":"<!-- This site is optimized with the Yoast SEO plugin v27.1.1 - https:\/\/yoast.com\/product\/yoast-seo-wordpress\/ -->\n<title>Surroundings of Hotel Hellers Krug | Holzminden | Weser river<\/title>\n<meta name=\"description\" content=\"There is a lot to explore in Holzminden as well as in the Weserbergland. Here are a few points from the area for inspiration.\" \/>\n<meta name=\"robots\" content=\"index, follow, max-snippet:-1, max-image-preview:large, max-video-preview:-1\" \/>\n<link rel=\"canonical\" href=\"https:\/\/www.hotel-hellers-krug.de\/en\/hellers-krug\/umgebung\/\" \/>\n<meta property=\"og:locale\" content=\"en_US\" \/>\n<meta property=\"og:type\" content=\"article\" \/>\n<meta property=\"og:title\" content=\"Surroundings of Hotel Hellers Krug | Holzminden | Weser river\" \/>\n<meta property=\"og:description\" content=\"There is a lot to explore in Holzminden as well as in the Weserbergland. Here are a few points from the area for inspiration.\" \/>\n<meta property=\"og:url\" content=\"https:\/\/www.hotel-hellers-krug.de\/hellers-krug\/umgebung\/\" \/>\n<meta property=\"og:site_name\" content=\"Hotel Hellers Krug\" \/>\n<meta property=\"article:publisher\" content=\"https:\/\/www.facebook.com\/hotel.hellerskrug\/\" \/>\n<meta property=\"article:modified_time\" content=\"2022-08-24T12:08:30+00:00\" \/>\n<script type=\"application\/ld+json\" class=\"yoast-schema-graph\">{\"@context\":\"https:\/\/schema.org\",\"@graph\":[{\"@type\":\"WebPage\",\"@id\":\"https:\/\/www.hotel-hellers-krug.de\/en\/hellers-krug\/vicinity\/\",\"url\":\"https:\/\/www.hotel-hellers-krug.de\/hellers-krug\/umgebung\/\",\"name\":\"Surroundings of Hotel Hellers Krug | Holzminden | Weser river\",\"isPartOf\":{\"@id\":\"https:\/\/www.hotel-hellers-krug.de\/en\/#website\"},\"datePublished\":\"2020-04-07T16:28:22+00:00\",\"dateModified\":\"2022-08-24T12:08:30+00:00\",\"description\":\"There is a lot to explore in Holzminden as well as in the Weserbergland. Here are a few points from the area for inspiration.\",\"breadcrumb\":{\"@id\":\"https:\/\/www.hotel-hellers-krug.de\/hellers-krug\/umgebung\/#breadcrumb\"},\"inLanguage\":\"en-US\",\"potentialAction\":[{\"@type\":\"ReadAction\",\"target\":[\"https:\/\/www.hotel-hellers-krug.de\/hellers-krug\/umgebung\/\"]}]},{\"@type\":\"BreadcrumbList\",\"@id\":\"https:\/\/www.hotel-hellers-krug.de\/hellers-krug\/umgebung\/#breadcrumb\",\"itemListElement\":[{\"@type\":\"ListItem\",\"position\":1,\"name\":\"Startseite\",\"item\":\"https:\/\/www.hotel-hellers-krug.de\/en\/\"},{\"@type\":\"ListItem\",\"position\":2,\"name\":\"Hellers Krug\",\"item\":\"https:\/\/www.hotel-hellers-krug.de\/en\/\"},{\"@type\":\"ListItem\",\"position\":3,\"name\":\"Vicinity\"}]},{\"@type\":\"WebSite\",\"@id\":\"https:\/\/www.hotel-hellers-krug.de\/en\/#website\",\"url\":\"https:\/\/www.hotel-hellers-krug.de\/en\/\",\"name\":\"Hotel Hellers Krug\",\"description\":\"Gastlichkeit seit 1756\",\"potentialAction\":[{\"@type\":\"SearchAction\",\"target\":{\"@type\":\"EntryPoint\",\"urlTemplate\":\"https:\/\/www.hotel-hellers-krug.de\/en\/?s={search_term_string}\"},\"query-input\":{\"@type\":\"PropertyValueSpecification\",\"valueRequired\":true,\"valueName\":\"search_term_string\"}}],\"inLanguage\":\"en-US\"}]}<\/script>\n<!-- \/ Yoast SEO plugin. -->","yoast_head_json":{"title":"Surroundings of Hotel Hellers Krug | Holzminden | Weser river","description":"There is a lot to explore in Holzminden as well as in the Weserbergland. Here are a few points from the area for inspiration.","robots":{"index":"index","follow":"follow","max-snippet":"max-snippet:-1","max-image-preview":"max-image-preview:large","max-video-preview":"max-video-preview:-1"},"canonical":"https:\/\/www.hotel-hellers-krug.de\/en\/hellers-krug\/umgebung\/","og_locale":"en_US","og_type":"article","og_title":"Surroundings of Hotel Hellers Krug | Holzminden | Weser river","og_description":"There is a lot to explore in Holzminden as well as in the Weserbergland. Here are a few points from the area for inspiration.","og_url":"https:\/\/www.hotel-hellers-krug.de\/hellers-krug\/umgebung\/","og_site_name":"Hotel Hellers Krug","article_publisher":"https:\/\/www.facebook.com\/hotel.hellerskrug\/","article_modified_time":"2022-08-24T12:08:30+00:00","schema":{"@context":"https:\/\/schema.org","@graph":[{"@type":"WebPage","@id":"https:\/\/www.hotel-hellers-krug.de\/en\/hellers-krug\/vicinity\/","url":"https:\/\/www.hotel-hellers-krug.de\/hellers-krug\/umgebung\/","name":"Surroundings of Hotel Hellers Krug | Holzminden | Weser river","isPartOf":{"@id":"https:\/\/www.hotel-hellers-krug.de\/en\/#website"},"datePublished":"2020-04-07T16:28:22+00:00","dateModified":"2022-08-24T12:08:30+00:00","description":"There is a lot to explore in Holzminden as well as in the Weserbergland. Here are a few points from the area for inspiration.","breadcrumb":{"@id":"https:\/\/www.hotel-hellers-krug.de\/hellers-krug\/umgebung\/#breadcrumb"},"inLanguage":"en-US","potentialAction":[{"@type":"ReadAction","target":["https:\/\/www.hotel-hellers-krug.de\/hellers-krug\/umgebung\/"]}]},{"@type":"BreadcrumbList","@id":"https:\/\/www.hotel-hellers-krug.de\/hellers-krug\/umgebung\/#breadcrumb","itemListElement":[{"@type":"ListItem","position":1,"name":"Startseite","item":"https:\/\/www.hotel-hellers-krug.de\/en\/"},{"@type":"ListItem","position":2,"name":"Hellers Krug","item":"https:\/\/www.hotel-hellers-krug.de\/en\/"},{"@type":"ListItem","position":3,"name":"Vicinity"}]},{"@type":"WebSite","@id":"https:\/\/www.hotel-hellers-krug.de\/en\/#website","url":"https:\/\/www.hotel-hellers-krug.de\/en\/","name":"Hotel Hellers Krug","description":"Gastlichkeit seit 1756","potentialAction":[{"@type":"SearchAction","target":{"@type":"EntryPoint","urlTemplate":"https:\/\/www.hotel-hellers-krug.de\/en\/?s={search_term_string}"},"query-input":{"@type":"PropertyValueSpecification","valueRequired":true,"valueName":"search_term_string"}}],"inLanguage":"en-US"}]}},"_links":{"self":[{"href":"https:\/\/www.hotel-hellers-krug.de\/en\/wp-json\/wp\/v2\/pages\/3882","targetHints":{"allow":["GET"]}}],"collection":[{"href":"https:\/\/www.hotel-hellers-krug.de\/en\/wp-json\/wp\/v2\/pages"}],"about":[{"href":"https:\/\/www.hotel-hellers-krug.de\/en\/wp-json\/wp\/v2\/types\/page"}],"author":[{"embeddable":true,"href":"https:\/\/www.hotel-hellers-krug.de\/en\/wp-json\/wp\/v2\/users\/2"}],"replies":[{"embeddable":true,"href":"https:\/\/www.hotel-hellers-krug.de\/en\/wp-json\/wp\/v2\/comments?post=3882"}],"version-history":[{"count":2,"href":"https:\/\/www.hotel-hellers-krug.de\/en\/wp-json\/wp\/v2\/pages\/3882\/revisions"}],"predecessor-version":[{"id":3885,"href":"https:\/\/www.hotel-hellers-krug.de\/en\/wp-json\/wp\/v2\/pages\/3882\/revisions\/3885"}],"up":[{"embeddable":true,"href":"https:\/\/www.hotel-hellers-krug.de\/en\/wp-json\/wp\/v2\/pages\/3810"}],"wp:attachment":[{"href":"https:\/\/www.hotel-hellers-krug.de\/en\/wp-json\/wp\/v2\/media?parent=3882"}],"curies":[{"name":"wp","href":"https:\/\/api.w.org\/{rel}","templated":true}]}}